{"id":5878,"date":"2021-10-11T11:23:04","date_gmt":"2021-10-11T11:23:04","guid":{"rendered":"https:\/\/toystoystoys.uk\/?post_type=product&#038;p=5878"},"modified":"2022-09-15T13:28:40","modified_gmt":"2022-09-15T13:28:40","slug":"pokemon-battle-figure-pack-pikachu-bulbasaur-4","status":"publish","type":"product","link":"https:\/\/toystoystoys.uk\/?product=pokemon-battle-figure-pack-pikachu-bulbasaur-4","title":{"rendered":"Pokemon Battle Figure Pack Pikachu + Bulbasaur 4 +"},"content":{"rendered":"<p><strong>Pokemon Battle Figure Pack Pikachu + Bulbasaur 4 +<\/strong><\/p>\n<div class=\"col-md-6 col-xs-12\">\n<h3 class=\"margn-top-none-md\">Features<\/h3>\n<ul>\n<li class=\"font-regular\">Contents: 1 x Bulbasaur and 1 x Pikachu figure<\/li>\n<li class=\"font-regular\">Your figures give realistic articulation so you can replicate some of your favourite moves!<\/li>\n<li class=\"font-regular\">Get ready for some of the most action-packed Pok\u00e9mon Battles ever!<\/li>\n<\/ul>\n<\/div>\n<div class=\"col-md-6 col-xs-12\">\n<h3 class=\"margn-top-none-md\">Product Description<\/h3>\n<p>&nbsp;<\/p>\n<p>Pok\u00e9mon 5cm and 7cm figures are ready for action! All figures are true to their Pok\u00e9mon scale. This 2 figure Battle Pack includes one Pikachu figure and one Bulbasaur figure. Get ready for some of the most action-packed Pok\u00e9mon Battles ever! More of a collector? The authentic character design makes these Pok\u00e9mon figures perfect additions to your Pok\u00e9mon collection. (each old separately)<\/p>\n<p>About Bulbasaur and Pikachu: Pikachu is an electric-type Pok\u00e9mon. Pikachu has electricity-storing pouches on its cheeks. These appear to become electrically charged during the night while Pikachu sleeps. It occasionally discharges electricity when it is dozy after waking up. Whenever Pikachu comes across something new, it blasts it with a jolt of electricity. If you come across a blackened berry, it&#8217;s evidence that this Pok\u00e9mon mistook the intensity of its charge.<\/p>\n<p>Pikachu evolves from Pichu and into Raichu. Bulbasaur is a grass type Pok\u00e9mon, with a growing seed on its back. This Pok\u00e9mon loves napping under the sun. In the game and anime, Bulbasaur evolves as the seed grows, from Ivysaur to Venusaur.&#8221;<\/p>\n<\/div>\n<div class=\"col-md-6 col-xs-12\">\n<h3 class=\"margn-top-none-md\"><\/h3>\n<\/div>\n","protected":false},"excerpt":{"rendered":"<p>Pokemon Battle Figure Pack Pikachu + Bulbasaur 4 + Features Contents: 1 x Bulbasaur and 1 x Pikachu figure Your figures give realistic articulation so you can replicate some of your favourite moves! Get ready for some of the most action-packed Pok\u00e9mon Battles ever! Product Description &nbsp; Pok\u00e9mon 5cm and 7cm figures are ready for [&hellip;]<\/p>\n","protected":false},"featured_media":5879,"template":"","meta":{"site-sidebar-layout":"default","site-content-layout":"","ast-site-content-layout":"default","site-content-style":"default","site-sidebar-style":"default","ast-global-header-display":"","ast-banner-title-visibility":"","ast-main-header-display":"","ast-hfb-above-header-display":"","ast-hfb-below-header-display":"","ast-hfb-mobile-header-display":"","site-post-title":"","ast-breadcrumbs-content":"","ast-featured-img":"","footer-sml-layout":"","ast-disable-related-posts":"","theme-transparent-header-meta":"","adv-header-id-meta":"","stick-header-meta":"","header-above-stick-meta":"","header-main-stick-meta":"","header-below-stick-meta":"","astra-migrate-meta-layouts":"default","ast-page-background-enabled":"default","ast-page-background-meta":{"desktop":{"background-color":"var(--ast-global-color-4)","background-image":"","background-repeat":"repeat","background-position":"center center","background-size":"auto","background-attachment":"scroll","background-type":"","background-media":"","overlay-type":"","overlay-color":"","overlay-opacity":"","overlay-gradient":""},"tablet":{"background-color":"","background-image":"","background-repeat":"repeat","background-position":"center center","background-size":"auto","background-attachment":"scroll","background-type":"","background-media":"","overlay-type":"","overlay-color":"","overlay-opacity":"","overlay-gradient":""},"mobile":{"background-color":"","background-image":"","background-repeat":"repeat","background-position":"center center","background-size":"auto","background-attachment":"scroll","background-type":"","background-media":"","overlay-type":"","overlay-color":"","overlay-opacity":"","overlay-gradient":""}},"ast-content-background-meta":{"desktop":{"background-color":"var(--ast-global-color-5)","background-image":"","background-repeat":"repeat","background-position":"center center","background-size":"auto","background-attachment":"scroll","background-type":"","background-media":"","overlay-type":"","overlay-color":"","overlay-opacity":"","overlay-gradient":""},"tablet":{"background-color":"var(--ast-global-color-5)","background-image":"","background-repeat":"repeat","background-position":"center center","background-size":"auto","background-attachment":"scroll","background-type":"","background-media":"","overlay-type":"","overlay-color":"","overlay-opacity":"","overlay-gradient":""},"mobile":{"background-color":"var(--ast-global-color-5)","background-image":"","background-repeat":"repeat","background-position":"center center","background-size":"auto","background-attachment":"scroll","background-type":"","background-media":"","overlay-type":"","overlay-color":"","overlay-opacity":"","overlay-gradient":""}}},"product_cat":[65,112],"product_tag":[],"acf":[],"yoast_head":"<!-- This site is optimized with the Yoast SEO plugin v21.8.1 - https:\/\/yoast.com\/wordpress\/plugins\/seo\/ -->\n<title>Pokemon Battle Figure Pack Pikachu + Bulbasaur 4 + | Toys Toys Toys UK<\/title>\n<meta name=\"robots\" content=\"index, follow, max-snippet:-1, max-image-preview:large, max-video-preview:-1\" \/>\n<link rel=\"canonical\" href=\"https:\/\/toystoystoys.uk\/?product=pokemon-battle-figure-pack-pikachu-bulbasaur-4\" \/>\n<meta property=\"og:locale\" content=\"en_US\" \/>\n<meta property=\"og:type\" content=\"article\" \/>\n<meta property=\"og:title\" content=\"Pokemon Battle Figure Pack Pikachu + Bulbasaur 4 + | Toys Toys Toys UK\" \/>\n<meta property=\"og:description\" content=\"Pokemon Battle Figure Pack Pikachu + Bulbasaur 4 + Features Contents: 1 x Bulbasaur and 1 x Pikachu figure Your figures give realistic articulation so you can replicate some of your favourite moves! Get ready for some of the most action-packed Pok\u00e9mon Battles ever! Product Description &nbsp; Pok\u00e9mon 5cm and 7cm figures are ready for [&hellip;]\" \/>\n<meta property=\"og:url\" content=\"https:\/\/toystoystoys.uk\/?product=pokemon-battle-figure-pack-pikachu-bulbasaur-4\" \/>\n<meta property=\"og:site_name\" content=\"Toys Toys Toys UK\" \/>\n<meta property=\"article:publisher\" content=\"https:\/\/www.facebook.com\/1stTOYSTOYSTOYS\/\" \/>\n<meta property=\"article:modified_time\" content=\"2022-09-15T13:28:40+00:00\" \/>\n<meta property=\"og:image\" content=\"https:\/\/toystoystoys.uk\/wp-content\/uploads\/2021\/10\/pik.jpg\" \/>\n\t<meta property=\"og:image:width\" content=\"674\" \/>\n\t<meta property=\"og:image:height\" content=\"1079\" \/>\n\t<meta property=\"og:image:type\" content=\"image\/jpeg\" \/>\n<meta name=\"twitter:card\" content=\"summary_large_image\" \/>\n<meta name=\"twitter:label1\" content=\"Est. reading time\" \/>\n\t<meta name=\"twitter:data1\" content=\"1 minute\" \/>\n<script type=\"application\/ld+json\" class=\"yoast-schema-graph\">{\"@context\":\"https:\/\/schema.org\",\"@graph\":[{\"@type\":\"WebPage\",\"@id\":\"https:\/\/toystoystoys.uk\/?product=pokemon-battle-figure-pack-pikachu-bulbasaur-4\",\"url\":\"https:\/\/toystoystoys.uk\/?product=pokemon-battle-figure-pack-pikachu-bulbasaur-4\",\"name\":\"Pokemon Battle Figure Pack Pikachu + Bulbasaur 4 + | Toys Toys Toys UK\",\"isPartOf\":{\"@id\":\"https:\/\/toystoystoys.uk\/#website\"},\"datePublished\":\"2021-10-11T11:23:04+00:00\",\"dateModified\":\"2022-09-15T13:28:40+00:00\",\"breadcrumb\":{\"@id\":\"https:\/\/toystoystoys.uk\/?product=pokemon-battle-figure-pack-pikachu-bulbasaur-4#breadcrumb\"},\"inLanguage\":\"en-US\",\"potentialAction\":[{\"@type\":\"ReadAction\",\"target\":[\"https:\/\/toystoystoys.uk\/?product=pokemon-battle-figure-pack-pikachu-bulbasaur-4\"]}]},{\"@type\":\"BreadcrumbList\",\"@id\":\"https:\/\/toystoystoys.uk\/?product=pokemon-battle-figure-pack-pikachu-bulbasaur-4#breadcrumb\",\"itemListElement\":[{\"@type\":\"ListItem\",\"position\":1,\"name\":\"Home\",\"item\":\"https:\/\/toystoystoys.uk\/\"},{\"@type\":\"ListItem\",\"position\":2,\"name\":\"Shop\",\"item\":\"https:\/\/toystoystoys.uk\/?page_id=21\"},{\"@type\":\"ListItem\",\"position\":3,\"name\":\"Pokemon Battle Figure Pack Pikachu + Bulbasaur 4 +\"}]},{\"@type\":\"WebSite\",\"@id\":\"https:\/\/toystoystoys.uk\/#website\",\"url\":\"https:\/\/toystoystoys.uk\/\",\"name\":\"Toys Toys Toys UK\",\"description\":\"Toy Shop in Liverpool\",\"publisher\":{\"@id\":\"https:\/\/toystoystoys.uk\/#organization\"},\"potentialAction\":[{\"@type\":\"SearchAction\",\"target\":{\"@type\":\"EntryPoint\",\"urlTemplate\":\"https:\/\/toystoystoys.uk\/?s={search_term_string}\"},\"query-input\":\"required name=search_term_string\"}],\"inLanguage\":\"en-US\"},{\"@type\":\"Organization\",\"@id\":\"https:\/\/toystoystoys.uk\/#organization\",\"name\":\"Toys Toys Toys UK\",\"url\":\"https:\/\/toystoystoys.uk\/\",\"logo\":{\"@type\":\"ImageObject\",\"inLanguage\":\"en-US\",\"@id\":\"https:\/\/toystoystoys.uk\/#\/schema\/logo\/image\/\",\"url\":\"https:\/\/toystoystoys.uk\/wp-content\/uploads\/2022\/03\/toys-logo.jpg\",\"contentUrl\":\"https:\/\/toystoystoys.uk\/wp-content\/uploads\/2022\/03\/toys-logo.jpg\",\"width\":1366,\"height\":1358,\"caption\":\"Toys Toys Toys UK\"},\"image\":{\"@id\":\"https:\/\/toystoystoys.uk\/#\/schema\/logo\/image\/\"},\"sameAs\":[\"https:\/\/www.facebook.com\/1stTOYSTOYSTOYS\/\"]}]}<\/script>\n<!-- \/ Yoast SEO plugin. -->","yoast_head_json":{"title":"Pokemon Battle Figure Pack Pikachu + Bulbasaur 4 + | Toys Toys Toys UK","robots":{"index":"index","follow":"follow","max-snippet":"max-snippet:-1","max-image-preview":"max-image-preview:large","max-video-preview":"max-video-preview:-1"},"canonical":"https:\/\/toystoystoys.uk\/?product=pokemon-battle-figure-pack-pikachu-bulbasaur-4","og_locale":"en_US","og_type":"article","og_title":"Pokemon Battle Figure Pack Pikachu + Bulbasaur 4 + | Toys Toys Toys UK","og_description":"Pokemon Battle Figure Pack Pikachu + Bulbasaur 4 + Features Contents: 1 x Bulbasaur and 1 x Pikachu figure Your figures give realistic articulation so you can replicate some of your favourite moves! Get ready for some of the most action-packed Pok\u00e9mon Battles ever! Product Description &nbsp; Pok\u00e9mon 5cm and 7cm figures are ready for [&hellip;]","og_url":"https:\/\/toystoystoys.uk\/?product=pokemon-battle-figure-pack-pikachu-bulbasaur-4","og_site_name":"Toys Toys Toys UK","article_publisher":"https:\/\/www.facebook.com\/1stTOYSTOYSTOYS\/","article_modified_time":"2022-09-15T13:28:40+00:00","og_image":[{"width":674,"height":1079,"url":"https:\/\/toystoystoys.uk\/wp-content\/uploads\/2021\/10\/pik.jpg","type":"image\/jpeg"}],"twitter_card":"summary_large_image","twitter_misc":{"Est. reading time":"1 minute"},"schema":{"@context":"https:\/\/schema.org","@graph":[{"@type":"WebPage","@id":"https:\/\/toystoystoys.uk\/?product=pokemon-battle-figure-pack-pikachu-bulbasaur-4","url":"https:\/\/toystoystoys.uk\/?product=pokemon-battle-figure-pack-pikachu-bulbasaur-4","name":"Pokemon Battle Figure Pack Pikachu + Bulbasaur 4 + | Toys Toys Toys UK","isPartOf":{"@id":"https:\/\/toystoystoys.uk\/#website"},"datePublished":"2021-10-11T11:23:04+00:00","dateModified":"2022-09-15T13:28:40+00:00","breadcrumb":{"@id":"https:\/\/toystoystoys.uk\/?product=pokemon-battle-figure-pack-pikachu-bulbasaur-4#breadcrumb"},"inLanguage":"en-US","potentialAction":[{"@type":"ReadAction","target":["https:\/\/toystoystoys.uk\/?product=pokemon-battle-figure-pack-pikachu-bulbasaur-4"]}]},{"@type":"BreadcrumbList","@id":"https:\/\/toystoystoys.uk\/?product=pokemon-battle-figure-pack-pikachu-bulbasaur-4#breadcrumb","itemListElement":[{"@type":"ListItem","position":1,"name":"Home","item":"https:\/\/toystoystoys.uk\/"},{"@type":"ListItem","position":2,"name":"Shop","item":"https:\/\/toystoystoys.uk\/?page_id=21"},{"@type":"ListItem","position":3,"name":"Pokemon Battle Figure Pack Pikachu + Bulbasaur 4 +"}]},{"@type":"WebSite","@id":"https:\/\/toystoystoys.uk\/#website","url":"https:\/\/toystoystoys.uk\/","name":"Toys Toys Toys UK","description":"Toy Shop in Liverpool","publisher":{"@id":"https:\/\/toystoystoys.uk\/#organization"},"potentialAction":[{"@type":"SearchAction","target":{"@type":"EntryPoint","urlTemplate":"https:\/\/toystoystoys.uk\/?s={search_term_string}"},"query-input":"required name=search_term_string"}],"inLanguage":"en-US"},{"@type":"Organization","@id":"https:\/\/toystoystoys.uk\/#organization","name":"Toys Toys Toys UK","url":"https:\/\/toystoystoys.uk\/","logo":{"@type":"ImageObject","inLanguage":"en-US","@id":"https:\/\/toystoystoys.uk\/#\/schema\/logo\/image\/","url":"https:\/\/toystoystoys.uk\/wp-content\/uploads\/2022\/03\/toys-logo.jpg","contentUrl":"https:\/\/toystoystoys.uk\/wp-content\/uploads\/2022\/03\/toys-logo.jpg","width":1366,"height":1358,"caption":"Toys Toys Toys UK"},"image":{"@id":"https:\/\/toystoystoys.uk\/#\/schema\/logo\/image\/"},"sameAs":["https:\/\/www.facebook.com\/1stTOYSTOYSTOYS\/"]}]}},"_links":{"self":[{"href":"https:\/\/toystoystoys.uk\/index.php?rest_route=\/wp\/v2\/product\/5878"}],"collection":[{"href":"https:\/\/toystoystoys.uk\/index.php?rest_route=\/wp\/v2\/product"}],"about":[{"href":"https:\/\/toystoystoys.uk\/index.php?rest_route=\/wp\/v2\/types\/product"}],"wp:featuredmedia":[{"embeddable":true,"href":"https:\/\/toystoystoys.uk\/index.php?rest_route=\/wp\/v2\/media\/5879"}],"wp:attachment":[{"href":"https:\/\/toystoystoys.uk\/index.php?rest_route=%2Fwp%2Fv2%2Fmedia&parent=5878"}],"wp:term":[{"taxonomy":"product_cat","embeddable":true,"href":"https:\/\/toystoystoys.uk\/index.php?rest_route=%2Fwp%2Fv2%2Fproduct_cat&post=5878"},{"taxonomy":"product_tag","embeddable":true,"href":"https:\/\/toystoystoys.uk\/index.php?rest_route=%2Fwp%2Fv2%2Fproduct_tag&post=5878"}],"curies":[{"name":"wp","href":"https:\/\/api.w.org\/{rel}","templated":true}]}}